{"id":259097,"date":"2021-11-30T09:12:43","date_gmt":"2021-11-30T08:12:43","guid":{"rendered":"http:\/\/www.semmlogging.com\/contact-us\/"},"modified":"2022-03-01T22:23:21","modified_gmt":"2022-03-01T21:23:21","slug":"contact","status":"publish","type":"page","link":"https:\/\/www.semmlogging.com\/en\/contact\/","title":{"rendered":"Contact"},"content":{"rendered":"<p>[et_pb_section fb_built=&#8221;1&#8243; specialty=&#8221;on&#8221; _builder_version=&#8221;4.14.2&#8243; _module_preset=&#8221;default&#8221; custom_padding=&#8221;63px||0px||false|false&#8221; global_colors_info=&#8221;{}&#8221;][et_pb_column type=&#8221;1_2&#8243; _builder_version=&#8221;3.25&#8243; custom_padding=&#8221;|||&#8221; global_colors_info=&#8221;{}&#8221; custom_padding__hover=&#8221;|||&#8221;][et_pb_text _builder_version=&#8221;4.14.1&#8243; _module_preset=&#8221;default&#8221; header_2_text_align=&#8221;left&#8221; module_alignment=&#8221;left&#8221; custom_margin=&#8221;||25px||false|false&#8221; animation_style=&#8221;slide&#8221; animation_intensity_slide=&#8221;5%&#8221; locked=&#8221;off&#8221; global_colors_info=&#8221;{}&#8221;]<\/p>\n<h2><span>Write us<\/span><\/h2>\n<p>[\/et_pb_text][et_pb_divider divider_weight_tablet=&#8221;&#8221; divider_weight_phone=&#8221;5px&#8221; divider_weight_last_edited=&#8221;on|phone&#8221; _builder_version=&#8221;4.14.1&#8243; _module_preset=&#8221;default&#8221; width=&#8221;14%&#8221; width_tablet=&#8221;24%&#8221; width_phone=&#8221;30%&#8221; width_last_edited=&#8221;on|tablet&#8221; module_alignment=&#8221;left&#8221; custom_margin=&#8221;-11px||20px||false|false&#8221; custom_margin_tablet=&#8221;-11px||20px||false|false&#8221; custom_margin_phone=&#8221;-11px||20px||false|false&#8221; custom_margin_last_edited=&#8221;on|phone&#8221; animation_style=&#8221;slide&#8221; animation_intensity_slide=&#8221;5%&#8221; locked=&#8221;off&#8221; global_colors_info=&#8221;{}&#8221;][\/et_pb_divider][et_pb_text _builder_version=&#8221;4.14.1&#8243; text_font=&#8221;||||||||&#8221; text_line_height=&#8221;2em&#8221; header_font_size=&#8221;60px&#8221; header_line_height=&#8221;1.2em&#8221; custom_margin=&#8221;|||&#8221; animation_style=&#8221;slide&#8221; animation_direction=&#8221;bottom&#8221; animation_intensity_slide=&#8221;5%&#8221; text_font_size_tablet=&#8221;&#8221; text_font_size_phone=&#8221;16px&#8221; text_font_size_last_edited=&#8221;on|phone&#8221; header_font_size_tablet=&#8221;50px&#8221; header_font_size_phone=&#8221;40px&#8221; header_font_size_last_edited=&#8221;on|phone&#8221; locked=&#8221;off&#8221; global_colors_info=&#8221;{}&#8221;]<\/p>\n<p>You wish to know more about our services, would like to receive a proposal from us or simply want to come visit and chat, then please don\u2019t hesitate to contact us either by phone, e-mail or via this website. <\/p>\n<p>[\/et_pb_text][\/et_pb_column][et_pb_column type=&#8221;1_2&#8243; specialty_columns=&#8221;2&#8243; _builder_version=&#8221;3.25&#8243; custom_padding=&#8221;|||&#8221; global_colors_info=&#8221;{}&#8221; custom_padding__hover=&#8221;|||&#8221;][et_pb_row_inner use_custom_gutter=&#8221;on&#8221; gutter_width=&#8221;1&#8243; padding_top_bottom_link_1=&#8221;true&#8221; padding_left_right_link_1=&#8221;true&#8221; _builder_version=&#8221;4.14.1&#8243; custom_padding=&#8221;0|0px|0|0px|false|false&#8221; animation_style=&#8221;fade&#8221; animation_direction=&#8221;bottom&#8221; border_radii=&#8221;off|45px|45px||&#8221; global_colors_info=&#8221;{}&#8221;][et_pb_column_inner saved_specialty_column_type=&#8221;1_2&#8243; _builder_version=&#8221;4.14.1&#8243; background_color=&#8221;#ff7424&#8243; custom_padding=&#8221;30px|30px|30px|30px&#8221; custom_padding_tablet=&#8221;30px|30px|30px|30px&#8221; custom_padding_phone=&#8221;30px|20px|30px|20px|false|true&#8221; custom_padding_last_edited=&#8221;on|phone&#8221; global_colors_info=&#8221;{}&#8221; custom_padding__hover=&#8221;|||&#8221;][et_pb_blurb title=&#8221;+33 (0)2 48 63 10 89&#8243; use_icon=&#8221;on&#8221; font_icon=&#8221;&#xe090;||divi||400&#8243; icon_color=&#8221;#ffffff&#8221; icon_placement=&#8221;left&#8221; image_icon_width=&#8221;20px&#8221; _builder_version=&#8221;4.14.1&#8243; header_font=&#8221;||||||||&#8221; header_font_size=&#8221;19px&#8221; header_line_height=&#8221;1.3em&#8221; body_font=&#8221;||||||||&#8221; background_layout=&#8221;dark&#8221; custom_margin=&#8221;20px|||&#8221; animation=&#8221;off&#8221; header_font_size_tablet=&#8221;19px&#8221; header_font_size_phone=&#8221;17px&#8221; header_font_size_last_edited=&#8221;on|phone&#8221; icon_font_size=&#8221;20px&#8221; locked=&#8221;off&#8221; global_colors_info=&#8221;{}&#8221;][\/et_pb_blurb][et_pb_image src=&#8221;https:\/\/www.semmlogging.com\/wp-content\/uploads\/2022\/02\/email-telephone-1.jpg&#8221; _builder_version=&#8221;4.14.4&#8243; _module_preset=&#8221;default&#8221; title_text=&#8221;email-telephone&#8221; hover_enabled=&#8221;0&#8243; sticky_enabled=&#8221;0&#8243;][\/et_pb_image][et_pb_blurb title=&#8221;Les Maufras &#8211; 2290 route du Champ Mouill\u00e9 \u2013 18360  Vesdun \u2013 France&#8221; use_icon=&#8221;on&#8221; font_icon=&#8221;&#xe081;||divi||400&#8243; icon_color=&#8221;#ffffff&#8221; icon_placement=&#8221;left&#8221; image_icon_width=&#8221;20px&#8221; _builder_version=&#8221;4.14.1&#8243; header_font=&#8221;|300|||||||&#8221; header_font_size=&#8221;19px&#8221; header_line_height=&#8221;1.3em&#8221; body_font=&#8221;||||||||&#8221; background_layout=&#8221;dark&#8221; custom_margin=&#8221;20px|||&#8221; animation=&#8221;off&#8221; header_font_size_tablet=&#8221;19px&#8221; header_font_size_phone=&#8221;17px&#8221; header_font_size_last_edited=&#8221;on|phone&#8221; icon_font_size=&#8221;20px&#8221; locked=&#8221;off&#8221; global_colors_info=&#8221;{}&#8221;][\/et_pb_blurb][et_pb_social_media_follow icon_color=&#8221;#000000&#8243; use_icon_font_size=&#8221;on&#8221; icon_font_size=&#8221;22px&#8221; _builder_version=&#8221;4.14.4&#8243; _module_preset=&#8221;default&#8221; custom_margin=&#8221;18px|||||&#8221; border_radii=&#8221;on|35px|35px|35px|35px&#8221; locked=&#8221;off&#8221; global_colors_info=&#8221;{}&#8221; icon_color__hover_enabled=&#8221;on|hover&#8221; background__hover_enabled=&#8221;on|hover&#8221; icon_color__hover=&#8221;#FFFFFF&#8221;][et_pb_social_media_follow_network social_network=&#8221;linkedin&#8221; url=&#8221;https:\/\/www.linkedin.com\/company\/semm-logging&#8221; _builder_version=&#8221;4.14.1&#8243; _module_preset=&#8221;default&#8221; background_color=&#8221;#FFFFFF&#8221; background_enable_color=&#8221;on&#8221; global_colors_info=&#8221;{}&#8221; background__hover_enabled=&#8221;on|hover&#8221; background_color__hover=&#8221;#000000&#8243; background_enable_color__hover=&#8221;on&#8221; follow_button=&#8221;off&#8221; url_new_window=&#8221;on&#8221;]linkedin[\/et_pb_social_media_follow_network][\/et_pb_social_media_follow][\/et_pb_column_inner][\/et_pb_row_inner][et_pb_row_inner _builder_version=&#8221;4.14.1&#8243; custom_padding=&#8221;0|0px|0|0px|true|false&#8221; animation_style=&#8221;slide&#8221; animation_direction=&#8221;right&#8221; animation_intensity_slide=&#8221;5%&#8221; border_radii=&#8221;off|||45px|45px&#8221; global_colors_info=&#8221;{}&#8221;][et_pb_column_inner saved_specialty_column_type=&#8221;1_2&#8243; _builder_version=&#8221;3.25&#8243; custom_padding=&#8221;|||&#8221; global_colors_info=&#8221;{}&#8221; custom_padding__hover=&#8221;|||&#8221;][et_pb_code _builder_version=&#8221;4.14.1&#8243; _module_preset=&#8221;default&#8221; global_colors_info=&#8221;{}&#8221;]<iframe src=\"https:\/\/www.google.com\/maps\/embed?pb=!1m14!1m8!1m3!1d10977.304348323827!2d2.4825974!3d46.5412359!3m2!1i1024!2i768!4f13.1!3m3!1m2!1s0x0%3A0x6146075249c74734!2sSemm%20Logging!5e0!3m2!1sfr!2sfr!4v1637766374082!5m2!1sfr!2sfr\" width=\"600\" height=\"450\" style=\"border:0;\" allowfullscreen=\"\" loading=\"lazy\"><\/iframe>[\/et_pb_code][\/et_pb_column_inner][\/et_pb_row_inner][\/et_pb_column][\/et_pb_section][et_pb_section fb_built=&#8221;1&#8243; fullwidth=&#8221;on&#8221; _builder_version=&#8221;4.14.1&#8243; _module_preset=&#8221;default&#8221; global_module=&#8221;258774&#8243; locked=&#8221;off&#8221; global_colors_info=&#8221;{}&#8221;][et_pb_fullwidth_image src=&#8221;https:\/\/www.semmlogging.com\/wp-content\/uploads\/2021\/12\/semm_logging-background-domaine-application-diagraphies-footer23.png&#8221; title_text=&#8221;semm_logging-background-domaine-application-diagraphies-footer23&#8243; _builder_version=&#8221;4.14.2&#8243; _module_preset=&#8221;default&#8221; global_colors_info=&#8221;{}&#8221;][\/et_pb_fullwidth_image][\/et_pb_section]<\/p>\n","protected":false},"excerpt":{"rendered":"<p>Write usYou wish to know more about our services, would like to receive a proposal from us or simply want to come visit and chat, then please don\u2019t hesitate to contact us either by phone, e-mail or via this website.<\/p>\n","protected":false},"author":6,"featured_media":0,"parent":0,"menu_order":0,"comment_status":"closed","ping_status":"closed","template":"","meta":{"_et_pb_use_builder":"on","_et_pb_old_content":"","_et_gb_content_width":"","footnotes":""},"class_list":["post-259097","page","type-page","status-publish","hentry"],"yoast_head":"<!-- This site is optimized with the Yoast SEO plugin v26.4 - https:\/\/yoast.com\/wordpress\/plugins\/seo\/ -->\n<title>Contact - Semm logging<\/title>\n<meta name=\"robots\" content=\"index, follow, max-snippet:-1, max-image-preview:large, max-video-preview:-1\" \/>\n<link rel=\"canonical\" href=\"https:\/\/www.semmlogging.com\/contact\/\" \/>\n<meta property=\"og:locale\" content=\"en_US\" \/>\n<meta property=\"og:type\" content=\"article\" \/>\n<meta property=\"og:title\" content=\"Contact - Semm logging\" \/>\n<meta property=\"og:description\" content=\"Write usYou wish to know more about our services, would like to receive a proposal from us or simply want to come visit and chat, then please don\u2019t hesitate to contact us either by phone, e-mail or via this website.\" \/>\n<meta property=\"og:url\" content=\"https:\/\/www.semmlogging.com\/contact\/\" \/>\n<meta property=\"og:site_name\" content=\"Semm logging\" \/>\n<meta property=\"article:modified_time\" content=\"2022-03-01T21:23:21+00:00\" \/>\n<meta name=\"twitter:card\" content=\"summary_large_image\" \/>\n<meta name=\"twitter:label1\" content=\"Est. reading time\" \/>\n\t<meta name=\"twitter:data1\" content=\"4 minutes\" \/>\n<script type=\"application\/ld+json\" class=\"yoast-schema-graph\">{\"@context\":\"https:\/\/schema.org\",\"@graph\":[{\"@type\":\"WebPage\",\"@id\":\"https:\/\/www.semmlogging.com\/contact\/\",\"url\":\"https:\/\/www.semmlogging.com\/contact\/\",\"name\":\"Contact - Semm logging\",\"isPartOf\":{\"@id\":\"https:\/\/www.semmlogging.com\/#website\"},\"datePublished\":\"2021-11-30T08:12:43+00:00\",\"dateModified\":\"2022-03-01T21:23:21+00:00\",\"breadcrumb\":{\"@id\":\"https:\/\/www.semmlogging.com\/contact\/#breadcrumb\"},\"inLanguage\":\"en-US\",\"potentialAction\":[{\"@type\":\"ReadAction\",\"target\":[\"https:\/\/www.semmlogging.com\/contact\/\"]}]},{\"@type\":\"BreadcrumbList\",\"@id\":\"https:\/\/www.semmlogging.com\/contact\/#breadcrumb\",\"itemListElement\":[{\"@type\":\"ListItem\",\"position\":1,\"name\":\"Accueil\",\"item\":\"https:\/\/www.semmlogging.com\/en\/\"},{\"@type\":\"ListItem\",\"position\":2,\"name\":\"Contact\"}]},{\"@type\":\"WebSite\",\"@id\":\"https:\/\/www.semmlogging.com\/#website\",\"url\":\"https:\/\/www.semmlogging.com\/\",\"name\":\"Semm logging\",\"description\":\"Soci\u00e9t\u00e9 de services sp\u00e9cialis\u00e9e dans les diagraphies (mesures g\u00e9ophysiques en forages).\",\"potentialAction\":[{\"@type\":\"SearchAction\",\"target\":{\"@type\":\"EntryPoint\",\"urlTemplate\":\"https:\/\/www.semmlogging.com\/?s={search_term_string}\"},\"query-input\":{\"@type\":\"PropertyValueSpecification\",\"valueRequired\":true,\"valueName\":\"search_term_string\"}}],\"inLanguage\":\"en-US\"}]}<\/script>\n<!-- \/ Yoast SEO plugin. -->","yoast_head_json":{"title":"Contact - Semm logging","robots":{"index":"index","follow":"follow","max-snippet":"max-snippet:-1","max-image-preview":"max-image-preview:large","max-video-preview":"max-video-preview:-1"},"canonical":"https:\/\/www.semmlogging.com\/contact\/","og_locale":"en_US","og_type":"article","og_title":"Contact - Semm logging","og_description":"Write usYou wish to know more about our services, would like to receive a proposal from us or simply want to come visit and chat, then please don\u2019t hesitate to contact us either by phone, e-mail or via this website.","og_url":"https:\/\/www.semmlogging.com\/contact\/","og_site_name":"Semm logging","article_modified_time":"2022-03-01T21:23:21+00:00","twitter_card":"summary_large_image","twitter_misc":{"Est. reading time":"4 minutes"},"schema":{"@context":"https:\/\/schema.org","@graph":[{"@type":"WebPage","@id":"https:\/\/www.semmlogging.com\/contact\/","url":"https:\/\/www.semmlogging.com\/contact\/","name":"Contact - Semm logging","isPartOf":{"@id":"https:\/\/www.semmlogging.com\/#website"},"datePublished":"2021-11-30T08:12:43+00:00","dateModified":"2022-03-01T21:23:21+00:00","breadcrumb":{"@id":"https:\/\/www.semmlogging.com\/contact\/#breadcrumb"},"inLanguage":"en-US","potentialAction":[{"@type":"ReadAction","target":["https:\/\/www.semmlogging.com\/contact\/"]}]},{"@type":"BreadcrumbList","@id":"https:\/\/www.semmlogging.com\/contact\/#breadcrumb","itemListElement":[{"@type":"ListItem","position":1,"name":"Accueil","item":"https:\/\/www.semmlogging.com\/en\/"},{"@type":"ListItem","position":2,"name":"Contact"}]},{"@type":"WebSite","@id":"https:\/\/www.semmlogging.com\/#website","url":"https:\/\/www.semmlogging.com\/","name":"Semm logging","description":"Soci\u00e9t\u00e9 de services sp\u00e9cialis\u00e9e dans les diagraphies (mesures g\u00e9ophysiques en forages).","potentialAction":[{"@type":"SearchAction","target":{"@type":"EntryPoint","urlTemplate":"https:\/\/www.semmlogging.com\/?s={search_term_string}"},"query-input":{"@type":"PropertyValueSpecification","valueRequired":true,"valueName":"search_term_string"}}],"inLanguage":"en-US"}]}},"_links":{"self":[{"href":"https:\/\/www.semmlogging.com\/en\/wp-json\/wp\/v2\/pages\/259097","targetHints":{"allow":["GET"]}}],"collection":[{"href":"https:\/\/www.semmlogging.com\/en\/wp-json\/wp\/v2\/pages"}],"about":[{"href":"https:\/\/www.semmlogging.com\/en\/wp-json\/wp\/v2\/types\/page"}],"author":[{"embeddable":true,"href":"https:\/\/www.semmlogging.com\/en\/wp-json\/wp\/v2\/users\/6"}],"replies":[{"embeddable":true,"href":"https:\/\/www.semmlogging.com\/en\/wp-json\/wp\/v2\/comments?post=259097"}],"version-history":[{"count":14,"href":"https:\/\/www.semmlogging.com\/en\/wp-json\/wp\/v2\/pages\/259097\/revisions"}],"predecessor-version":[{"id":335814,"href":"https:\/\/www.semmlogging.com\/en\/wp-json\/wp\/v2\/pages\/259097\/revisions\/335814"}],"wp:attachment":[{"href":"https:\/\/www.semmlogging.com\/en\/wp-json\/wp\/v2\/media?parent=259097"}],"curies":[{"name":"wp","href":"https:\/\/api.w.org\/{rel}","templated":true}]}}