{"id":259113,"date":"2021-11-30T09:31:21","date_gmt":"2021-11-30T08:31:21","guid":{"rendered":"http:\/\/www.semmlogging.com\/news\/"},"modified":"2023-03-06T10:13:59","modified_gmt":"2023-03-06T09:13:59","slug":"news","status":"publish","type":"page","link":"https:\/\/www.semmlogging.com\/en\/news\/","title":{"rendered":"News"},"content":{"rendered":"<p>[et_pb_section fb_built=&#8221;1&#8243; _builder_version=&#8221;4.16&#8243; _module_preset=&#8221;default&#8221; global_colors_info=&#8221;{}&#8221;][et_pb_row use_custom_gutter=&#8221;on&#8221; gutter_width=&#8221;2&#8243; module_class=&#8221;pa-blog-equal-height&#8221; _builder_version=&#8221;4.16&#8243; _module_preset=&#8221;default&#8221; width=&#8221;85%&#8221; animation_style=&#8221;fade&#8221; global_colors_info=&#8221;{}&#8221;][et_pb_column type=&#8221;4_4&#8243; _builder_version=&#8221;4.16&#8243; _module_preset=&#8221;default&#8221; global_colors_info=&#8221;{}&#8221;][et_pb_blog fullwidth=&#8221;off&#8221; posts_number=&#8221;30&#8243; include_categories=&#8221;all&#8221; meta_date=&#8221;j M Y&#8221; use_manual_excerpt=&#8221;off&#8221; excerpt_length=&#8221;100&#8243; show_author=&#8221;off&#8221; show_categories=&#8221;off&#8221; show_excerpt=&#8221;off&#8221; show_pagination=&#8221;off&#8221; use_overlay=&#8221;on&#8221; overlay_icon_color=&#8221;#ff7424&#8243; hover_overlay_color=&#8221;rgba(0,0,0,0.5)&#8221; masonry_tile_background_color=&#8221;#dcd9d8&#8243; module_class=&#8221;pa-blog-equal-height&#8221; _builder_version=&#8221;4.20.0&#8243; _module_preset=&#8221;default&#8221; header_level=&#8221;h5&#8243; header_font=&#8221;|600|||||||&#8221; header_text_color=&#8221;#000000&#8243; header_font_size=&#8221;24px&#8221; body_text_color=&#8221;#7bc900&#8243; meta_font=&#8221;|||on|||||&#8221; meta_text_color=&#8221;#000000&#8243; meta_letter_spacing=&#8221;1px&#8221; custom_margin=&#8221;||||false|false&#8221; hover_enabled=&#8221;0&#8243; custom_css_post_meta=&#8221;margin-top:-10px;&#8221; border_radii=&#8221;on|18px|18px|18px|18px&#8221; border_width_all=&#8221;0px&#8221; border_color_all=&#8221;rgba(0,0,0,0)&#8221; locked=&#8221;off&#8221; global_colors_info=&#8221;{}&#8221; header_text_color__hover_enabled=&#8221;on|hover&#8221; header_text_color__hover=&#8221;#ff7424&#8243; show_date=&#8221;off&#8221; sticky_enabled=&#8221;0&#8243;][\/et_pb_blog][\/et_pb_column][\/et_pb_row][\/et_pb_section][et_pb_section fb_built=&#8221;1&#8243; fullwidth=&#8221;on&#8221; _builder_version=&#8221;4.16&#8243; _module_preset=&#8221;default&#8221; global_colors_info=&#8221;{}&#8221;][et_pb_fullwidth_image src=&#8221;https:\/\/www.semmlogging.com\/wp-content\/uploads\/2021\/11\/semm_logging-background-domaine-application-diagraphies-footer2.png&#8221; title_text=&#8221;semm_logging-background-domaine-application-diagraphies-footer2&#8243; _builder_version=&#8221;4.16&#8243; _module_preset=&#8221;default&#8221; global_colors_info=&#8221;{}&#8221;][\/et_pb_fullwidth_image][\/et_pb_section]<\/p>\n","protected":false},"excerpt":{"rendered":"","protected":false},"author":6,"featured_media":0,"parent":0,"menu_order":0,"comment_status":"closed","ping_status":"closed","template":"","meta":{"_et_pb_use_builder":"on","_et_pb_old_content":"","_et_gb_content_width":"","footnotes":""},"class_list":["post-259113","page","type-page","status-publish","hentry"],"yoast_head":"<!-- This site is optimized with the Yoast SEO plugin v26.4 - https:\/\/yoast.com\/wordpress\/plugins\/seo\/ -->\n<title>News - Semm logging<\/title>\n<meta name=\"robots\" content=\"index, follow, max-snippet:-1, max-image-preview:large, max-video-preview:-1\" \/>\n<link rel=\"canonical\" href=\"https:\/\/www.semmlogging.com\/en\/news\/\" \/>\n<meta property=\"og:locale\" content=\"en_US\" \/>\n<meta property=\"og:type\" content=\"article\" \/>\n<meta property=\"og:title\" content=\"News - Semm logging\" \/>\n<meta property=\"og:url\" content=\"https:\/\/www.semmlogging.com\/en\/news\/\" \/>\n<meta property=\"og:site_name\" content=\"Semm logging\" \/>\n<meta property=\"article:modified_time\" content=\"2023-03-06T09:13:59+00:00\" \/>\n<meta name=\"twitter:card\" content=\"summary_large_image\" \/>\n<meta name=\"twitter:label1\" content=\"Est. reading time\" \/>\n\t<meta name=\"twitter:data1\" content=\"1 minute\" \/>\n<script type=\"application\/ld+json\" class=\"yoast-schema-graph\">{\"@context\":\"https:\/\/schema.org\",\"@graph\":[{\"@type\":\"WebPage\",\"@id\":\"https:\/\/www.semmlogging.com\/en\/news\/\",\"url\":\"https:\/\/www.semmlogging.com\/en\/news\/\",\"name\":\"News - Semm logging\",\"isPartOf\":{\"@id\":\"https:\/\/www.semmlogging.com\/#website\"},\"datePublished\":\"2021-11-30T08:31:21+00:00\",\"dateModified\":\"2023-03-06T09:13:59+00:00\",\"breadcrumb\":{\"@id\":\"https:\/\/www.semmlogging.com\/en\/news\/#breadcrumb\"},\"inLanguage\":\"en-US\",\"potentialAction\":[{\"@type\":\"ReadAction\",\"target\":[\"https:\/\/www.semmlogging.com\/en\/news\/\"]}]},{\"@type\":\"BreadcrumbList\",\"@id\":\"https:\/\/www.semmlogging.com\/en\/news\/#breadcrumb\",\"itemListElement\":[{\"@type\":\"ListItem\",\"position\":1,\"name\":\"Accueil\",\"item\":\"https:\/\/www.semmlogging.com\/en\/\"},{\"@type\":\"ListItem\",\"position\":2,\"name\":\"News\"}]},{\"@type\":\"WebSite\",\"@id\":\"https:\/\/www.semmlogging.com\/#website\",\"url\":\"https:\/\/www.semmlogging.com\/\",\"name\":\"Semm logging\",\"description\":\"Soci\u00e9t\u00e9 de services sp\u00e9cialis\u00e9e dans les diagraphies (mesures g\u00e9ophysiques en forages).\",\"potentialAction\":[{\"@type\":\"SearchAction\",\"target\":{\"@type\":\"EntryPoint\",\"urlTemplate\":\"https:\/\/www.semmlogging.com\/?s={search_term_string}\"},\"query-input\":{\"@type\":\"PropertyValueSpecification\",\"valueRequired\":true,\"valueName\":\"search_term_string\"}}],\"inLanguage\":\"en-US\"}]}<\/script>\n<!-- \/ Yoast SEO plugin. -->","yoast_head_json":{"title":"News - Semm logging","robots":{"index":"index","follow":"follow","max-snippet":"max-snippet:-1","max-image-preview":"max-image-preview:large","max-video-preview":"max-video-preview:-1"},"canonical":"https:\/\/www.semmlogging.com\/en\/news\/","og_locale":"en_US","og_type":"article","og_title":"News - Semm logging","og_url":"https:\/\/www.semmlogging.com\/en\/news\/","og_site_name":"Semm logging","article_modified_time":"2023-03-06T09:13:59+00:00","twitter_card":"summary_large_image","twitter_misc":{"Est. reading time":"1 minute"},"schema":{"@context":"https:\/\/schema.org","@graph":[{"@type":"WebPage","@id":"https:\/\/www.semmlogging.com\/en\/news\/","url":"https:\/\/www.semmlogging.com\/en\/news\/","name":"News - Semm logging","isPartOf":{"@id":"https:\/\/www.semmlogging.com\/#website"},"datePublished":"2021-11-30T08:31:21+00:00","dateModified":"2023-03-06T09:13:59+00:00","breadcrumb":{"@id":"https:\/\/www.semmlogging.com\/en\/news\/#breadcrumb"},"inLanguage":"en-US","potentialAction":[{"@type":"ReadAction","target":["https:\/\/www.semmlogging.com\/en\/news\/"]}]},{"@type":"BreadcrumbList","@id":"https:\/\/www.semmlogging.com\/en\/news\/#breadcrumb","itemListElement":[{"@type":"ListItem","position":1,"name":"Accueil","item":"https:\/\/www.semmlogging.com\/en\/"},{"@type":"ListItem","position":2,"name":"News"}]},{"@type":"WebSite","@id":"https:\/\/www.semmlogging.com\/#website","url":"https:\/\/www.semmlogging.com\/","name":"Semm logging","description":"Soci\u00e9t\u00e9 de services sp\u00e9cialis\u00e9e dans les diagraphies (mesures g\u00e9ophysiques en forages).","potentialAction":[{"@type":"SearchAction","target":{"@type":"EntryPoint","urlTemplate":"https:\/\/www.semmlogging.com\/?s={search_term_string}"},"query-input":{"@type":"PropertyValueSpecification","valueRequired":true,"valueName":"search_term_string"}}],"inLanguage":"en-US"}]}},"_links":{"self":[{"href":"https:\/\/www.semmlogging.com\/en\/wp-json\/wp\/v2\/pages\/259113","targetHints":{"allow":["GET"]}}],"collection":[{"href":"https:\/\/www.semmlogging.com\/en\/wp-json\/wp\/v2\/pages"}],"about":[{"href":"https:\/\/www.semmlogging.com\/en\/wp-json\/wp\/v2\/types\/page"}],"author":[{"embeddable":true,"href":"https:\/\/www.semmlogging.com\/en\/wp-json\/wp\/v2\/users\/6"}],"replies":[{"embeddable":true,"href":"https:\/\/www.semmlogging.com\/en\/wp-json\/wp\/v2\/comments?post=259113"}],"version-history":[{"count":5,"href":"https:\/\/www.semmlogging.com\/en\/wp-json\/wp\/v2\/pages\/259113\/revisions"}],"predecessor-version":[{"id":336858,"href":"https:\/\/www.semmlogging.com\/en\/wp-json\/wp\/v2\/pages\/259113\/revisions\/336858"}],"wp:attachment":[{"href":"https:\/\/www.semmlogging.com\/en\/wp-json\/wp\/v2\/media?parent=259113"}],"curies":[{"name":"wp","href":"https:\/\/api.w.org\/{rel}","templated":true}]}}