{"id":335485,"date":"2022-01-12T15:49:02","date_gmt":"2022-01-12T14:49:02","guid":{"rendered":"https:\/\/www.semmlogging.com\/technical-sheets\/"},"modified":"2022-01-12T16:19:30","modified_gmt":"2022-01-12T15:19:30","slug":"technical-sheets","status":"publish","type":"page","link":"https:\/\/www.semmlogging.com\/en\/technical-sheets\/","title":{"rendered":"Technical sheets"},"content":{"rendered":"<p>[et_pb_section fb_built=&#8221;1&#8243; _builder_version=&#8221;4.14.1&#8243; _module_preset=&#8221;default&#8221; global_colors_info=&#8221;{}&#8221;][et_pb_row _builder_version=&#8221;4.14.1&#8243; _module_preset=&#8221;default&#8221; global_colors_info=&#8221;{}&#8221;][et_pb_column type=&#8221;4_4&#8243; _builder_version=&#8221;4.14.1&#8243; _module_preset=&#8221;default&#8221; global_colors_info=&#8221;{}&#8221;][et_pb_toggle title=&#8221;Acoustic&#8221; _builder_version=&#8221;4.14.4&#8243; _module_preset=&#8221;default&#8221; hover_enabled=&#8221;0&#8243; global_colors_info=&#8221;{}&#8221; sticky_enabled=&#8221;0&#8243;]<\/p>\n<p><img decoding=\"async\" src=\"https:\/\/www.semmlogging.com\/wp-content\/uploads\/2021\/11\/semm_lien_telechargement_on.jpg\" width=\"30\" height=\"30\" alt=\"\" class=\"wp-image-258703 alignleft size-full\" vertical-align:middle=\"\" \/><a href=\"https:\/\/www.semmlogging.com\/wp-content\/uploads\/2022\/01\/Sonic-CBL-CBL.pdf\" target=\"_blank\" rel=\"noopener\">Sonic CBL \u2013 CBL (*)(**)<\/a><\/p>\n<p><img decoding=\"async\" src=\"https:\/\/www.semmlogging.com\/wp-content\/uploads\/2021\/11\/semm_lien_telechargement_on.jpg\" width=\"30\" height=\"30\" alt=\"\" class=\"wp-image-258703 alignleft size-full\" vertical-align:middle=\"\" \/><a href=\"https:\/\/www.semmlogging.com\/wp-content\/uploads\/2022\/01\/Full-Wave-Sonic-Delta-T-FWS.pdf\" target=\"_blank\" rel=\"noopener\">Full Wave Sonic \u2013 Delta T \u2013 FWS (*)<\/a><\/p>\n<p>&nbsp;<\/p>\n<p><span>(*) available in high temperatures \u2013\u00a0(**)available for\u00a0large diameter<\/span><\/p>\n<p>[\/et_pb_toggle][et_pb_toggle title=&#8221;Camera&#8221; _builder_version=&#8221;4.14.4&#8243; _module_preset=&#8221;default&#8221; hover_enabled=&#8221;0&#8243; global_colors_info=&#8221;{}&#8221; sticky_enabled=&#8221;0&#8243;]<\/p>\n<p><img decoding=\"async\" src=\"https:\/\/www.semmlogging.com\/wp-content\/uploads\/2021\/11\/semm_lien_telechargement_on.jpg\" width=\"30\" height=\"30\" alt=\"\" class=\"wp-image-258703 alignleft size-full\" vertical-align:middle=\"\" \/><a href=\"https:\/\/www.semmlogging.com\/wp-content\/uploads\/2022\/01\/radial-camera-65mm-DTR65.pdf\" target=\"_blank\" rel=\"noopener\">Radial Camera 65 mm \u2013 DTR65 HRC (*)(**)<\/a><\/p>\n<p>&nbsp;<\/p>\n<p><span>(*) Available with high pressure capability \/ improved depth of investigation<\/span><br \/><span>(**) Available in other diameters<\/span><\/p>\n<p>[\/et_pb_toggle][et_pb_toggle title=&#8221;Caliper&#8221; _builder_version=&#8221;4.14.4&#8243; _module_preset=&#8221;default&#8221; hover_enabled=&#8221;0&#8243; global_colors_info=&#8221;{}&#8221; sticky_enabled=&#8221;0&#8243;]<\/p>\n<p><img decoding=\"async\" src=\"https:\/\/www.semmlogging.com\/wp-content\/uploads\/2021\/11\/semm_lien_telechargement_on.jpg\" width=\"30\" height=\"30\" alt=\"\" class=\"wp-image-258703 alignleft size-full\" vertical-align:middle=\"\" \/><a href=\"https:\/\/www.semmlogging.com\/wp-content\/uploads\/2022\/01\/Acoustic-caliper-ABI.pdf\" target=\"_blank\" rel=\"noopener\">Acoustic caliper \u2013 ABI (*)<\/a><\/p>\n<p><img decoding=\"async\" src=\"https:\/\/www.semmlogging.com\/wp-content\/uploads\/2021\/11\/semm_lien_telechargement_on.jpg\" width=\"30\" height=\"30\" alt=\"\" class=\"wp-image-258703 alignleft size-full\" vertical-align:middle=\"\" \/><a href=\"https:\/\/www.semmlogging.com\/wp-content\/uploads\/2022\/01\/3-arms-caliper-3ACG.pdf\" target=\"_blank\" rel=\"noopener\">3 arm caliper \u2013 3ACG (*)<\/a><\/p>\n<p><img decoding=\"async\" src=\"https:\/\/www.semmlogging.com\/wp-content\/uploads\/2021\/11\/semm_lien_telechargement_on.jpg\" width=\"30\" height=\"30\" alt=\"\" class=\"wp-image-258703 alignleft size-full\" vertical-align:middle=\"\" \/><a href=\"https:\/\/www.semmlogging.com\/wp-content\/uploads\/2022\/01\/technical-sheet-4-arms-caliper.pdf\" target=\"_blank\" rel=\"noopener\">Oriented 4 arm caliper<\/a><\/p>\n<p>&nbsp;<\/p>\n<p><span>(*) Available in high temperatures<\/span><\/p>\n<p>[\/et_pb_toggle][et_pb_toggle title=&#8221;Electric and electromagnetic&#8221; _builder_version=&#8221;4.14.4&#8243; _module_preset=&#8221;default&#8221; hover_enabled=&#8221;0&#8243; global_colors_info=&#8221;{}&#8221; sticky_enabled=&#8221;0&#8243;]<\/p>\n<p><img decoding=\"async\" src=\"https:\/\/www.semmlogging.com\/wp-content\/uploads\/2021\/11\/semm_lien_telechargement_on.jpg\" width=\"30\" height=\"30\" alt=\"\" class=\"wp-image-258703 alignleft size-full\" vertical-align:middle=\"\" \/><a href=\"https:\/\/www.semmlogging.com\/wp-content\/uploads\/2022\/01\/electromagnetic-dual-induction-DIL38.pdf\" target=\"_blank\" rel=\"noopener\">Dual Induction DIL38<\/a><\/p>\n<p><img decoding=\"async\" src=\"https:\/\/www.semmlogging.com\/wp-content\/uploads\/2021\/11\/semm_lien_telechargement_on.jpg\" width=\"30\" height=\"30\" alt=\"\" class=\"wp-image-258703 alignleft size-full\" vertical-align:middle=\"\" \/><a href=\"https:\/\/www.semmlogging.com\/wp-content\/uploads\/2022\/01\/Focus-resistivity-LL3-GUIP.pdf\" target=\"_blank\" rel=\"noopener\">Focus resistivity LL3 \u2013 GUIP<\/a><\/p>\n<p><img decoding=\"async\" src=\"https:\/\/www.semmlogging.com\/wp-content\/uploads\/2021\/11\/semm_lien_telechargement_on.jpg\" width=\"30\" height=\"30\" alt=\"\" class=\"wp-image-258703 alignleft size-full\" vertical-align:middle=\"\" \/><a href=\"https:\/\/www.semmlogging.com\/wp-content\/uploads\/2022\/01\/Induced-polarisation-IPG.pdf\" target=\"_blank\" rel=\"noopener\">Induced polarisation \u2013 IPG<\/a><\/p>\n<p><img decoding=\"async\" src=\"https:\/\/www.semmlogging.com\/wp-content\/uploads\/2021\/11\/semm_lien_telechargement_on.jpg\" width=\"30\" height=\"30\" alt=\"\" class=\"wp-image-258703 alignleft size-full\" vertical-align:middle=\"\" \/><a href=\"https:\/\/www.semmlogging.com\/wp-content\/uploads\/2022\/01\/Normal-resistivity-16-and-64-ELOG.pdf\" target=\"_blank\" rel=\"noopener\">Normal resistivity \u2013 16\u201d &amp; 64\u201d \u2013 ELOG<\/a><\/p>\n<p>&nbsp;<\/p>\n<p>[\/et_pb_toggle][et_pb_toggle title=&#8221;Fluid&#8221; _builder_version=&#8221;4.14.4&#8243; _module_preset=&#8221;default&#8221; hover_enabled=&#8221;0&#8243; global_colors_info=&#8221;{}&#8221; sticky_enabled=&#8221;0&#8243;]<\/p>\n<p><img decoding=\"async\" src=\"https:\/\/www.semmlogging.com\/wp-content\/uploads\/2021\/11\/semm_lien_telechargement_on.jpg\" width=\"30\" height=\"30\" alt=\"\" class=\"wp-image-258703 alignleft size-full\" vertical-align:middle=\"\" \/><a href=\"https:\/\/www.semmlogging.com\/wp-content\/uploads\/2022\/01\/Flowmeter-Temp-Cond-GFTC.pdf\" target=\"_blank\" rel=\"noopener\">Flowmeter + Temp \/ Cond \u2013 GFTC<\/a><\/p>\n<p><img decoding=\"async\" src=\"https:\/\/www.semmlogging.com\/wp-content\/uploads\/2021\/11\/semm_lien_telechargement_on.jpg\" width=\"30\" height=\"30\" alt=\"\" class=\"wp-image-258703 alignleft size-full\" vertical-align:middle=\"\" \/><a href=\"https:\/\/www.semmlogging.com\/wp-content\/uploads\/2022\/01\/Sampler-1-5-L-PREL.pdf\" target=\"_blank\" rel=\"noopener\">Sampler 1,5 L \u2013 PREL<\/a><a href=\"https:\/\/www.semmlogging.com\/wp-content\/uploads\/2021\/11\/Polarisation-Induite-IPG.pdf\" target=\"_blank\" rel=\"noopener\"><\/a><\/p>\n<p>[\/et_pb_toggle][et_pb_toggle title=&#8221;Borehole imaging&#8221; _builder_version=&#8221;4.14.4&#8243; _module_preset=&#8221;default&#8221; hover_enabled=&#8221;0&#8243; global_colors_info=&#8221;{}&#8221; sticky_enabled=&#8221;0&#8243;]<\/p>\n<p><img decoding=\"async\" src=\"https:\/\/www.semmlogging.com\/wp-content\/uploads\/2021\/11\/semm_lien_telechargement_on.jpg\" width=\"30\" height=\"30\" alt=\"\" class=\"wp-image-258703 alignleft size-full\" vertical-align:middle=\"\" \/><a href=\"https:\/\/www.semmlogging.com\/wp-content\/uploads\/2022\/01\/Borehole-imaging-OBI.pdf\" target=\"_blank\" rel=\"noopener\">Borehole imaging \u2013 OBI<\/a><\/p>\n<p><img decoding=\"async\" src=\"https:\/\/www.semmlogging.com\/wp-content\/uploads\/2021\/11\/semm_lien_telechargement_on.jpg\" width=\"30\" height=\"30\" alt=\"\" class=\"wp-image-258703 alignleft size-full\" vertical-align:middle=\"\" \/><a href=\"https:\/\/www.semmlogging.com\/wp-content\/uploads\/2022\/01\/Borehole-imaging-ABI.pdf\" target=\"_blank\" rel=\"noopener\">Borehole imaging \u2013 ABI (*)<\/a><a href=\"https:\/\/www.semmlogging.com\/wp-content\/uploads\/2021\/11\/Polarisation-Induite-IPG.pdf\" target=\"_blank\" rel=\"noopener\"><\/a><\/p>\n<p><img decoding=\"async\" src=\"https:\/\/www.semmlogging.com\/wp-content\/uploads\/2021\/11\/semm_lien_telechargement_on.jpg\" width=\"30\" height=\"30\" alt=\"\" class=\"wp-image-258703 alignleft size-full\" vertical-align:middle=\"\" \/><a href=\"https:\/\/www.semmlogging.com\/wp-content\/uploads\/2022\/01\/4-arms-dipmeter-DIPM4.pdf\" target=\"_blank\" rel=\"noopener\">4 arm dipmeter \u2013 DIPM4<\/a><\/p>\n<p>&nbsp;<\/p>\n<p><span>(*) Disponible en haute et basse temp\u00e9ratures<\/span><\/p>\n<p>[\/et_pb_toggle][et_pb_toggle title=&#8221;Magnetism&#8221; _builder_version=&#8221;4.14.4&#8243; _module_preset=&#8221;default&#8221; hover_enabled=&#8221;0&#8243; global_colors_info=&#8221;{}&#8221; sticky_enabled=&#8221;0&#8243;]<\/p>\n<p><img decoding=\"async\" src=\"https:\/\/www.semmlogging.com\/wp-content\/uploads\/2021\/11\/semm_lien_telechargement_on.jpg\" width=\"30\" height=\"30\" alt=\"\" class=\"wp-image-258703 alignleft size-full\" vertical-align:middle=\"\" \/><a href=\"https:\/\/www.semmlogging.com\/wp-content\/uploads\/2022\/01\/Mag-susceptibility-MAG-42.pdf\" target=\"_blank\" rel=\"noopener\">Mag susceptibility \u2013 MAG 42<\/a><\/p>\n<p>[\/et_pb_toggle][et_pb_toggle title=&#8221;Microseismic&#8221; _builder_version=&#8221;4.14.4&#8243; _module_preset=&#8221;default&#8221; hover_enabled=&#8221;0&#8243; global_colors_info=&#8221;{}&#8221; sticky_enabled=&#8221;0&#8243;]<\/p>\n<p><img decoding=\"async\" src=\"https:\/\/www.semmlogging.com\/wp-content\/uploads\/2021\/11\/semm_lien_telechargement_on.jpg\" width=\"30\" height=\"30\" alt=\"\" class=\"wp-image-258703 alignleft size-full\" vertical-align:middle=\"\" \/><a href=\"https:\/\/www.semmlogging.com\/wp-content\/uploads\/2022\/01\/Microseismic-LRPC.pdf\" target=\"_blank\" rel=\"noopener\">Microseismic \u2013 LRPC<\/a><\/p>\n<p>[\/et_pb_toggle][et_pb_toggle title=&#8221;Nuclear&#8221; _builder_version=&#8221;4.14.4&#8243; _module_preset=&#8221;default&#8221; hover_enabled=&#8221;0&#8243; global_colors_info=&#8221;{}&#8221; sticky_enabled=&#8221;0&#8243;]<\/p>\n<p><img decoding=\"async\" src=\"https:\/\/www.semmlogging.com\/wp-content\/uploads\/2021\/11\/semm_lien_telechargement_on.jpg\" width=\"30\" height=\"30\" alt=\"\" class=\"wp-image-258703 alignleft size-full\" vertical-align:middle=\"\" \/><a href=\"https:\/\/www.semmlogging.com\/wp-content\/uploads\/2022\/01\/Gamma-ray-NGAM.pdf\" target=\"_blank\" rel=\"noopener\">Gamma ray \u2013 NGAM<\/a><\/p>\n<p><img decoding=\"async\" src=\"https:\/\/www.semmlogging.com\/wp-content\/uploads\/2021\/11\/semm_lien_telechargement_on.jpg\" width=\"30\" height=\"30\" alt=\"\" class=\"wp-image-258703 alignleft size-full\" vertical-align:middle=\"\" \/><a href=\"https:\/\/www.semmlogging.com\/wp-content\/uploads\/2022\/01\/Density-Gamma-FDGS.pdf\" target=\"_blank\" rel=\"noopener\">Density Gamma \u2013 FDGS<\/a><a href=\"https:\/\/www.semmlogging.com\/wp-content\/uploads\/2021\/11\/Polarisation-Induite-IPG.pdf\" target=\"_blank\" rel=\"noopener\"><\/a><\/p>\n<p><img decoding=\"async\" src=\"https:\/\/www.semmlogging.com\/wp-content\/uploads\/2021\/11\/semm_lien_telechargement_on.jpg\" width=\"30\" height=\"30\" alt=\"\" class=\"wp-image-258703 alignleft size-full\" vertical-align:middle=\"\" \/><a href=\"https:\/\/www.semmlogging.com\/wp-content\/uploads\/2022\/01\/Spectral-Gamma-GRS.pdf\" target=\"_blank\" rel=\"noopener\">Spectral Gamma \u2013 GRS<\/a><\/p>\n<p><img decoding=\"async\" src=\"https:\/\/www.semmlogging.com\/wp-content\/uploads\/2021\/11\/semm_lien_telechargement_on.jpg\" width=\"30\" height=\"30\" alt=\"\" class=\"wp-image-258703 alignleft size-full\" vertical-align:middle=\"\" \/><a href=\"https:\/\/www.semmlogging.com\/wp-content\/uploads\/2022\/01\/Porosity-Neutron-DNGS.pdf\" target=\"_blank\" rel=\"noopener\">Porosity Neutron \u2013 DNGS<\/a><\/p>\n<p><span><\/span><\/p>\n<p><span><\/span><\/p>\n<p>Other specific tools ( small diameter density, combined electric-density, uranium designed probes) : technical sheets available upon request.<\/p>\n<p>[\/et_pb_toggle][et_pb_toggle title=&#8221;Trajectometry&#8221; _builder_version=&#8221;4.14.4&#8243; _module_preset=&#8221;default&#8221; hover_enabled=&#8221;0&#8243; global_colors_info=&#8221;{}&#8221; sticky_enabled=&#8221;0&#8243;]<\/p>\n<p><img decoding=\"async\" src=\"https:\/\/www.semmlogging.com\/wp-content\/uploads\/2021\/11\/semm_lien_telechargement_on.jpg\" width=\"30\" height=\"30\" alt=\"\" class=\"wp-image-258703 alignleft size-full\" vertical-align:middle=\"\" \/><a href=\"https:\/\/www.semmlogging.com\/wp-content\/uploads\/2022\/01\/Trajectometry-Mag-BDVG.pdf\" target=\"_blank\" rel=\"noopener\">Trajectometry Mag \u2013 BDVG<\/a><\/p>\n<p><img decoding=\"async\" src=\"https:\/\/www.semmlogging.com\/wp-content\/uploads\/2021\/11\/semm_lien_telechargement_on.jpg\" width=\"30\" height=\"30\" alt=\"\" class=\"wp-image-258703 alignleft size-full\" vertical-align:middle=\"\" \/><a href=\"https:\/\/www.semmlogging.com\/wp-content\/uploads\/2022\/01\/trajectometry-nems.pdf\" target=\"_blank\" rel=\"noopener\">Trajectometry Gyro \u2013 MEMS<\/a><a href=\"https:\/\/www.semmlogging.com\/wp-content\/uploads\/2021\/11\/Polarisation-Induite-IPG.pdf\" target=\"_blank\" rel=\"noopener\"><\/a><\/p>\n<p><img decoding=\"async\" src=\"https:\/\/www.semmlogging.com\/wp-content\/uploads\/2021\/11\/semm_lien_telechargement_on.jpg\" width=\"30\" height=\"30\" alt=\"\" class=\"wp-image-258703 alignleft size-full\" vertical-align:middle=\"\" \/><a href=\"https:\/\/www.semmlogging.com\/wp-content\/uploads\/2022\/01\/Trajectometry-North-Seeking.pdf\" target=\"_blank\" rel=\"noopener\">Trajectometry Gyro \u2013 North Seeking<\/a><\/p>\n<p>&nbsp;<\/p>\n<p>[\/et_pb_toggle][\/et_pb_column][\/et_pb_row][\/et_pb_section][et_pb_section fb_built=&#8221;1&#8243; fullwidth=&#8221;on&#8221; _builder_version=&#8221;4.14.1&#8243; _module_preset=&#8221;default&#8221; locked=&#8221;off&#8221; global_colors_info=&#8221;{}&#8221;][et_pb_fullwidth_image src=&#8221;https:\/\/www.semmlogging.com\/wp-content\/uploads\/2021\/11\/semm_logging-background-domaine-application-diagraphies-footer2.png&#8221; title_text=&#8221;semm_logging-background-domaine-application-diagraphies-footer2&#8243; _builder_version=&#8221;4.14.1&#8243; _module_preset=&#8221;default&#8221; global_colors_info=&#8221;{}&#8221;][\/et_pb_fullwidth_image][\/et_pb_section]<\/p>\n","protected":false},"excerpt":{"rendered":"<p>Sonic CBL \u2013 CBL (*)(**) Full Wave Sonic \u2013 Delta T \u2013 FWS (*) &nbsp; (*) available in high temperatures \u2013\u00a0(**)available for\u00a0large diameterRadial Camera 65 mm \u2013 DTR65 HRC (*)(**) &nbsp; (*) Available with high pressure capability \/ improved depth of investigation(**) Available in other diametersAcoustic caliper \u2013 ABI (*) 3 arm caliper \u2013 3ACG [&hellip;]<\/p>\n","protected":false},"author":6,"featured_media":0,"parent":0,"menu_order":0,"comment_status":"closed","ping_status":"closed","template":"","meta":{"_et_pb_use_builder":"on","_et_pb_old_content":"","_et_gb_content_width":"","footnotes":""},"class_list":["post-335485","page","type-page","status-publish","hentry"],"yoast_head":"<!-- This site is optimized with the Yoast SEO plugin v26.4 - https:\/\/yoast.com\/wordpress\/plugins\/seo\/ -->\n<title>Technical sheets - Semm logging<\/title>\n<meta name=\"robots\" content=\"index, follow, max-snippet:-1, max-image-preview:large, max-video-preview:-1\" \/>\n<link rel=\"canonical\" href=\"https:\/\/www.semmlogging.com\/fiches-techniques\/\" \/>\n<meta property=\"og:locale\" content=\"en_US\" \/>\n<meta property=\"og:type\" content=\"article\" \/>\n<meta property=\"og:title\" content=\"Technical sheets - Semm logging\" \/>\n<meta property=\"og:description\" content=\"Sonic CBL \u2013 CBL (*)(**) Full Wave Sonic \u2013 Delta T \u2013 FWS (*) &nbsp; (*) available in high temperatures \u2013\u00a0(**)available for\u00a0large diameterRadial Camera 65 mm \u2013 DTR65 HRC (*)(**) &nbsp; (*) Available with high pressure capability \/ improved depth of investigation(**) Available in other diametersAcoustic caliper \u2013 ABI (*) 3 arm caliper \u2013 3ACG [&hellip;]\" \/>\n<meta property=\"og:url\" content=\"https:\/\/www.semmlogging.com\/fiches-techniques\/\" \/>\n<meta property=\"og:site_name\" content=\"Semm logging\" \/>\n<meta property=\"article:modified_time\" content=\"2022-01-12T15:19:30+00:00\" \/>\n<meta property=\"og:image\" content=\"https:\/\/www.semmlogging.com\/wp-content\/uploads\/2021\/11\/semm_lien_telechargement_on.jpg\" \/>\n<meta name=\"twitter:card\" content=\"summary_large_image\" \/>\n<meta name=\"twitter:label1\" content=\"Est. reading time\" \/>\n\t<meta name=\"twitter:data1\" content=\"2 minutes\" \/>\n<script type=\"application\/ld+json\" class=\"yoast-schema-graph\">{\"@context\":\"https:\/\/schema.org\",\"@graph\":[{\"@type\":\"WebPage\",\"@id\":\"https:\/\/www.semmlogging.com\/fiches-techniques\/\",\"url\":\"https:\/\/www.semmlogging.com\/fiches-techniques\/\",\"name\":\"Technical sheets - Semm logging\",\"isPartOf\":{\"@id\":\"https:\/\/www.semmlogging.com\/#website\"},\"primaryImageOfPage\":{\"@id\":\"https:\/\/www.semmlogging.com\/fiches-techniques\/#primaryimage\"},\"image\":{\"@id\":\"https:\/\/www.semmlogging.com\/fiches-techniques\/#primaryimage\"},\"thumbnailUrl\":\"https:\/\/www.semmlogging.com\/wp-content\/uploads\/2021\/11\/semm_lien_telechargement_on.jpg\",\"datePublished\":\"2022-01-12T14:49:02+00:00\",\"dateModified\":\"2022-01-12T15:19:30+00:00\",\"breadcrumb\":{\"@id\":\"https:\/\/www.semmlogging.com\/fiches-techniques\/#breadcrumb\"},\"inLanguage\":\"en-US\",\"potentialAction\":[{\"@type\":\"ReadAction\",\"target\":[\"https:\/\/www.semmlogging.com\/fiches-techniques\/\"]}]},{\"@type\":\"ImageObject\",\"inLanguage\":\"en-US\",\"@id\":\"https:\/\/www.semmlogging.com\/fiches-techniques\/#primaryimage\",\"url\":\"https:\/\/www.semmlogging.com\/wp-content\/uploads\/2021\/11\/semm_lien_telechargement_on.jpg\",\"contentUrl\":\"https:\/\/www.semmlogging.com\/wp-content\/uploads\/2021\/11\/semm_lien_telechargement_on.jpg\"},{\"@type\":\"BreadcrumbList\",\"@id\":\"https:\/\/www.semmlogging.com\/fiches-techniques\/#breadcrumb\",\"itemListElement\":[{\"@type\":\"ListItem\",\"position\":1,\"name\":\"Accueil\",\"item\":\"https:\/\/www.semmlogging.com\/en\/\"},{\"@type\":\"ListItem\",\"position\":2,\"name\":\"Technical sheets\"}]},{\"@type\":\"WebSite\",\"@id\":\"https:\/\/www.semmlogging.com\/#website\",\"url\":\"https:\/\/www.semmlogging.com\/\",\"name\":\"Semm logging\",\"description\":\"Soci\u00e9t\u00e9 de services sp\u00e9cialis\u00e9e dans les diagraphies (mesures g\u00e9ophysiques en forages).\",\"potentialAction\":[{\"@type\":\"SearchAction\",\"target\":{\"@type\":\"EntryPoint\",\"urlTemplate\":\"https:\/\/www.semmlogging.com\/?s={search_term_string}\"},\"query-input\":{\"@type\":\"PropertyValueSpecification\",\"valueRequired\":true,\"valueName\":\"search_term_string\"}}],\"inLanguage\":\"en-US\"}]}<\/script>\n<!-- \/ Yoast SEO plugin. -->","yoast_head_json":{"title":"Technical sheets - Semm logging","robots":{"index":"index","follow":"follow","max-snippet":"max-snippet:-1","max-image-preview":"max-image-preview:large","max-video-preview":"max-video-preview:-1"},"canonical":"https:\/\/www.semmlogging.com\/fiches-techniques\/","og_locale":"en_US","og_type":"article","og_title":"Technical sheets - Semm logging","og_description":"Sonic CBL \u2013 CBL (*)(**) Full Wave Sonic \u2013 Delta T \u2013 FWS (*) &nbsp; (*) available in high temperatures \u2013\u00a0(**)available for\u00a0large diameterRadial Camera 65 mm \u2013 DTR65 HRC (*)(**) &nbsp; (*) Available with high pressure capability \/ improved depth of investigation(**) Available in other diametersAcoustic caliper \u2013 ABI (*) 3 arm caliper \u2013 3ACG [&hellip;]","og_url":"https:\/\/www.semmlogging.com\/fiches-techniques\/","og_site_name":"Semm logging","article_modified_time":"2022-01-12T15:19:30+00:00","og_image":[{"url":"https:\/\/www.semmlogging.com\/wp-content\/uploads\/2021\/11\/semm_lien_telechargement_on.jpg","type":"","width":"","height":""}],"twitter_card":"summary_large_image","twitter_misc":{"Est. reading time":"2 minutes"},"schema":{"@context":"https:\/\/schema.org","@graph":[{"@type":"WebPage","@id":"https:\/\/www.semmlogging.com\/fiches-techniques\/","url":"https:\/\/www.semmlogging.com\/fiches-techniques\/","name":"Technical sheets - Semm logging","isPartOf":{"@id":"https:\/\/www.semmlogging.com\/#website"},"primaryImageOfPage":{"@id":"https:\/\/www.semmlogging.com\/fiches-techniques\/#primaryimage"},"image":{"@id":"https:\/\/www.semmlogging.com\/fiches-techniques\/#primaryimage"},"thumbnailUrl":"https:\/\/www.semmlogging.com\/wp-content\/uploads\/2021\/11\/semm_lien_telechargement_on.jpg","datePublished":"2022-01-12T14:49:02+00:00","dateModified":"2022-01-12T15:19:30+00:00","breadcrumb":{"@id":"https:\/\/www.semmlogging.com\/fiches-techniques\/#breadcrumb"},"inLanguage":"en-US","potentialAction":[{"@type":"ReadAction","target":["https:\/\/www.semmlogging.com\/fiches-techniques\/"]}]},{"@type":"ImageObject","inLanguage":"en-US","@id":"https:\/\/www.semmlogging.com\/fiches-techniques\/#primaryimage","url":"https:\/\/www.semmlogging.com\/wp-content\/uploads\/2021\/11\/semm_lien_telechargement_on.jpg","contentUrl":"https:\/\/www.semmlogging.com\/wp-content\/uploads\/2021\/11\/semm_lien_telechargement_on.jpg"},{"@type":"BreadcrumbList","@id":"https:\/\/www.semmlogging.com\/fiches-techniques\/#breadcrumb","itemListElement":[{"@type":"ListItem","position":1,"name":"Accueil","item":"https:\/\/www.semmlogging.com\/en\/"},{"@type":"ListItem","position":2,"name":"Technical sheets"}]},{"@type":"WebSite","@id":"https:\/\/www.semmlogging.com\/#website","url":"https:\/\/www.semmlogging.com\/","name":"Semm logging","description":"Soci\u00e9t\u00e9 de services sp\u00e9cialis\u00e9e dans les diagraphies (mesures g\u00e9ophysiques en forages).","potentialAction":[{"@type":"SearchAction","target":{"@type":"EntryPoint","urlTemplate":"https:\/\/www.semmlogging.com\/?s={search_term_string}"},"query-input":{"@type":"PropertyValueSpecification","valueRequired":true,"valueName":"search_term_string"}}],"inLanguage":"en-US"}]}},"_links":{"self":[{"href":"https:\/\/www.semmlogging.com\/en\/wp-json\/wp\/v2\/pages\/335485","targetHints":{"allow":["GET"]}}],"collection":[{"href":"https:\/\/www.semmlogging.com\/en\/wp-json\/wp\/v2\/pages"}],"about":[{"href":"https:\/\/www.semmlogging.com\/en\/wp-json\/wp\/v2\/types\/page"}],"author":[{"embeddable":true,"href":"https:\/\/www.semmlogging.com\/en\/wp-json\/wp\/v2\/users\/6"}],"replies":[{"embeddable":true,"href":"https:\/\/www.semmlogging.com\/en\/wp-json\/wp\/v2\/comments?post=335485"}],"version-history":[{"count":10,"href":"https:\/\/www.semmlogging.com\/en\/wp-json\/wp\/v2\/pages\/335485\/revisions"}],"predecessor-version":[{"id":335545,"href":"https:\/\/www.semmlogging.com\/en\/wp-json\/wp\/v2\/pages\/335485\/revisions\/335545"}],"wp:attachment":[{"href":"https:\/\/www.semmlogging.com\/en\/wp-json\/wp\/v2\/media?parent=335485"}],"curies":[{"name":"wp","href":"https:\/\/api.w.org\/{rel}","templated":true}]}}