{"id":335546,"date":"2022-01-12T16:33:05","date_gmt":"2022-01-12T15:33:05","guid":{"rendered":"https:\/\/www.semmlogging.com\/legal-notices\/"},"modified":"2023-02-22T14:23:10","modified_gmt":"2023-02-22T13:23:10","slug":"legal-notices","status":"publish","type":"page","link":"https:\/\/www.semmlogging.com\/en\/legal-notices\/","title":{"rendered":"Legal notices"},"content":{"rendered":"<p>[et_pb_section fb_built=&#8221;1&#8243; _builder_version=&#8221;4.16&#8243; _module_preset=&#8221;default&#8221; global_colors_info=&#8221;{}&#8221;][et_pb_row _builder_version=&#8221;4.16&#8243; _module_preset=&#8221;default&#8221; locked=&#8221;off&#8221; global_colors_info=&#8221;{}&#8221;][et_pb_column type=&#8221;4_4&#8243; _builder_version=&#8221;4.16&#8243; _module_preset=&#8221;default&#8221; global_colors_info=&#8221;{}&#8221;][et_pb_text _builder_version=&#8221;4.19.2&#8243; _module_preset=&#8221;default&#8221; header_2_font=&#8221;|600|||||||&#8221; header_2_text_align=&#8221;left&#8221; hover_enabled=&#8221;0&#8243; global_colors_info=&#8221;{}&#8221; sticky_enabled=&#8221;0&#8243;]<\/p>\n<h3>Publisher<\/h3>\n<p>SEMM Logging<br \/>&#8220;Les Maufras&#8221; &#8211; 18360 VESDUN &#8211; FRANCE<br \/>T\u00e9l. : +33 (0)2 48 63 10 89<\/p>\n<p>SIRET : 453 415 879 00015<br \/>SAS au capital de 200 000 \u20ac<br \/>RCS BOURGES B 453 415 879<\/p>\n<p>&nbsp;<\/p>\n<h3>Publication director :<\/h3>\n<p>Olivier Muller, President of SEMM Logging.<\/p>\n<p>&nbsp;<\/p>\n<h3>Design and realization<\/h3>\n<p>IDMAGINE<br \/>Phone : 06 15 43 98 87<br \/><a title=\"Visiter le site d'Idmagine\" href=\"http:\/\/www.idmagine.com\" target=\"_blank\" rel=\"noopener\">www.idmagine.com<\/a><\/p>\n<h3>\u00a0<\/h3>\n<h3>Maintenance<\/h3>\n<p>C-TOUCOM<\/p>\n<p>16 rue de Refembre<br \/>03000 MOULINS \u2013 FRANCE<\/p>\n<p>T\u00e9l : 04 70 44 66 28<br \/>Fax : 04 70 44 66 23<br \/>Email : info@c-toucom.com<\/p>\n<p><a href=\"https:\/\/www.c-toucom.com\" target=\"_blank\" rel=\"noopener\">www.c-toucom.com<\/a><\/p>\n<p>SARL au capital de 15.000 euros<br \/>RCS Moulins 432 050 680 \u2013 APE 7311Z<\/p>\n<p>&nbsp;<\/p>\n<h3>Web hosting<\/h3>\n<p><strong>OVH<\/strong><\/p>\n<p>2 rue kellermann<br \/>BP 80157<br \/>59053 ROUBAIX Cedex 1<\/p>\n<p>T\u00e9l : +33 (0)8 203 203 63<br \/>Email :\u00a0<span id=\"cloak7056abaee224beb65643cba5d60258f0\"><a href=\"mailto:support@ovh.com\">support@ovh.com<\/a><\/span><\/p>\n<p><a href=\"http:\/\/www.ovh.com\/\">www.ovh.com<\/a><\/p>\n<p>&nbsp;<\/p>\n<h3>Limitation of responsability<\/h3>\n<p>The information supplied by www.semmlogging.com is solely for indicative purposes and does not dispense the reader from performing a more in-depth complementary and personal analysis.<\/p>\n<p>SEMM Logging cannot be held responsible to the access by users of hypertext links inserted in the website directed to other resources present on the network. Consequently, the user recognizes using this information under his exclusive responsibility.<\/p>\n<p>&nbsp;<\/p>\n<h3>Cookies<\/h3>\n<p>The user is informed that during his visits on the website, a cookie may be automatically installed on his browser. A cookie is series of data which does not allow to identify a user but serves to record information related to the browsing of this user on the website.<\/p>\n<p>The browser software parameters informs the user of the presence of cookies and eventually to refuse them as per the instructions found at the following address : <a title=\"Aller sur le site de la CNIL\" href=\"http:\/\/www.cnil.fr\" target=\"_blank\" rel=\"noopener\">www.cnil.fr<\/a>.<\/p>\n<p>&nbsp;<\/p>\n<h3>Computer technology and freedom<\/h3>\n<p>The user is informed that, in accordance with article 32 of law n\u00b078-17 of January 6th 1978 modified, related to computer technology, to files and to freedom, the information which is communicated by the forms present on this site are necessary to answer to the user demands and are destined at SEMM Logging, as the responsible entity for handling this information for administrative and commercial means.<\/p>\n<p>The user is informed that he has a right to access, interrogation and rectification which allow him, to have rectified, completed, updated, blocked or erased all personal information which concern him and which are inexact, incomplete, outdated and for which the acquisition, communication and conservation is prohibited.<\/p>\n<p>The user also disposes of a right to oppose the use of his information for legitimate reasons as well as a right to oppose that this information be used for reasons of commercial prospection.<\/p>\n<p>All requests shall be addressed by courrier to :<br \/><strong>SEMM Logging<\/strong><br \/><strong> &#8220;Les Maufras&#8221; &#8211; 18360 VESDUN &#8211; FRANCE<\/strong><\/p>\n<p>&nbsp;<\/p>\n<h3>Intellectual property<\/h3>\n<p>The general structure, texts, images and all other elements composing this site are the exclusive property of SEMM Logging or its respective owners.<\/p>\n<p>All representation, total or partial, of this website and its contents by any person or entity, without written permission from SEMM Logging, it\u2019s authors is forbidden and would constitute a violation sanctioned by articles L. 335-2 of the Code on Intellectual Property<b>.<\/b><\/p>\n<p>&nbsp;<\/p>\n<h3>Applicable law<\/h3>\n<p>All conflict arising in relation to the use of the website www.semmlogging.com is subject to French Law. The user recognizes the exclusive competence of the court of Bourges.<\/p>\n<p>[\/et_pb_text][\/et_pb_column][\/et_pb_row][\/et_pb_section]<\/p>\n","protected":false},"excerpt":{"rendered":"<p>Publisher SEMM Logging&#8221;Les Maufras&#8221; &#8211; 18360 VESDUN &#8211; FRANCET\u00e9l. : +33 (0)2 48 63 10 89 SIRET : 453 415 879 00015SAS au capital de 200 000 \u20acRCS BOURGES B 453 415 879 &nbsp; Publication director : Olivier Muller, President of SEMM Logging. &nbsp; Design and realization IDMAGINEPhone : 06 15 43 98 87www.idmagine.com \u00a0 [&hellip;]<\/p>\n","protected":false},"author":6,"featured_media":0,"parent":0,"menu_order":0,"comment_status":"closed","ping_status":"closed","template":"","meta":{"_et_pb_use_builder":"on","_et_pb_old_content":"","_et_gb_content_width":"","footnotes":""},"class_list":["post-335546","page","type-page","status-publish","hentry"],"yoast_head":"<!-- This site is optimized with the Yoast SEO plugin v26.4 - https:\/\/yoast.com\/wordpress\/plugins\/seo\/ -->\n<title>Legal notices - Semm logging<\/title>\n<meta name=\"robots\" content=\"index, follow, max-snippet:-1, max-image-preview:large, max-video-preview:-1\" \/>\n<link rel=\"canonical\" href=\"https:\/\/www.semmlogging.com\/en\/legal-notices\/\" \/>\n<meta property=\"og:locale\" content=\"en_US\" \/>\n<meta property=\"og:type\" content=\"article\" \/>\n<meta property=\"og:title\" content=\"Legal notices - Semm logging\" \/>\n<meta property=\"og:description\" content=\"Publisher SEMM Logging&quot;Les Maufras&quot; - 18360 VESDUN - FRANCET\u00e9l. : +33 (0)2 48 63 10 89 SIRET : 453 415 879 00015SAS au capital de 200 000 \u20acRCS BOURGES B 453 415 879 &nbsp; Publication director : Olivier Muller, President of SEMM Logging. &nbsp; Design and realization IDMAGINEPhone : 06 15 43 98 87www.idmagine.com \u00a0 [&hellip;]\" \/>\n<meta property=\"og:url\" content=\"https:\/\/www.semmlogging.com\/en\/legal-notices\/\" \/>\n<meta property=\"og:site_name\" content=\"Semm logging\" \/>\n<meta property=\"article:modified_time\" content=\"2023-02-22T13:23:10+00:00\" \/>\n<meta name=\"twitter:card\" content=\"summary_large_image\" \/>\n<meta name=\"twitter:label1\" content=\"Est. reading time\" \/>\n\t<meta name=\"twitter:data1\" content=\"3 minutes\" \/>\n<script type=\"application\/ld+json\" class=\"yoast-schema-graph\">{\"@context\":\"https:\/\/schema.org\",\"@graph\":[{\"@type\":\"WebPage\",\"@id\":\"https:\/\/www.semmlogging.com\/en\/legal-notices\/\",\"url\":\"https:\/\/www.semmlogging.com\/en\/legal-notices\/\",\"name\":\"Legal notices - Semm logging\",\"isPartOf\":{\"@id\":\"https:\/\/www.semmlogging.com\/#website\"},\"datePublished\":\"2022-01-12T15:33:05+00:00\",\"dateModified\":\"2023-02-22T13:23:10+00:00\",\"breadcrumb\":{\"@id\":\"https:\/\/www.semmlogging.com\/en\/legal-notices\/#breadcrumb\"},\"inLanguage\":\"en-US\",\"potentialAction\":[{\"@type\":\"ReadAction\",\"target\":[\"https:\/\/www.semmlogging.com\/en\/legal-notices\/\"]}]},{\"@type\":\"BreadcrumbList\",\"@id\":\"https:\/\/www.semmlogging.com\/en\/legal-notices\/#breadcrumb\",\"itemListElement\":[{\"@type\":\"ListItem\",\"position\":1,\"name\":\"Accueil\",\"item\":\"https:\/\/www.semmlogging.com\/en\/\"},{\"@type\":\"ListItem\",\"position\":2,\"name\":\"Legal notices\"}]},{\"@type\":\"WebSite\",\"@id\":\"https:\/\/www.semmlogging.com\/#website\",\"url\":\"https:\/\/www.semmlogging.com\/\",\"name\":\"Semm logging\",\"description\":\"Soci\u00e9t\u00e9 de services sp\u00e9cialis\u00e9e dans les diagraphies (mesures g\u00e9ophysiques en forages).\",\"potentialAction\":[{\"@type\":\"SearchAction\",\"target\":{\"@type\":\"EntryPoint\",\"urlTemplate\":\"https:\/\/www.semmlogging.com\/?s={search_term_string}\"},\"query-input\":{\"@type\":\"PropertyValueSpecification\",\"valueRequired\":true,\"valueName\":\"search_term_string\"}}],\"inLanguage\":\"en-US\"}]}<\/script>\n<!-- \/ Yoast SEO plugin. -->","yoast_head_json":{"title":"Legal notices - Semm logging","robots":{"index":"index","follow":"follow","max-snippet":"max-snippet:-1","max-image-preview":"max-image-preview:large","max-video-preview":"max-video-preview:-1"},"canonical":"https:\/\/www.semmlogging.com\/en\/legal-notices\/","og_locale":"en_US","og_type":"article","og_title":"Legal notices - Semm logging","og_description":"Publisher SEMM Logging\"Les Maufras\" - 18360 VESDUN - FRANCET\u00e9l. : +33 (0)2 48 63 10 89 SIRET : 453 415 879 00015SAS au capital de 200 000 \u20acRCS BOURGES B 453 415 879 &nbsp; Publication director : Olivier Muller, President of SEMM Logging. &nbsp; Design and realization IDMAGINEPhone : 06 15 43 98 87www.idmagine.com \u00a0 [&hellip;]","og_url":"https:\/\/www.semmlogging.com\/en\/legal-notices\/","og_site_name":"Semm logging","article_modified_time":"2023-02-22T13:23:10+00:00","twitter_card":"summary_large_image","twitter_misc":{"Est. reading time":"3 minutes"},"schema":{"@context":"https:\/\/schema.org","@graph":[{"@type":"WebPage","@id":"https:\/\/www.semmlogging.com\/en\/legal-notices\/","url":"https:\/\/www.semmlogging.com\/en\/legal-notices\/","name":"Legal notices - Semm logging","isPartOf":{"@id":"https:\/\/www.semmlogging.com\/#website"},"datePublished":"2022-01-12T15:33:05+00:00","dateModified":"2023-02-22T13:23:10+00:00","breadcrumb":{"@id":"https:\/\/www.semmlogging.com\/en\/legal-notices\/#breadcrumb"},"inLanguage":"en-US","potentialAction":[{"@type":"ReadAction","target":["https:\/\/www.semmlogging.com\/en\/legal-notices\/"]}]},{"@type":"BreadcrumbList","@id":"https:\/\/www.semmlogging.com\/en\/legal-notices\/#breadcrumb","itemListElement":[{"@type":"ListItem","position":1,"name":"Accueil","item":"https:\/\/www.semmlogging.com\/en\/"},{"@type":"ListItem","position":2,"name":"Legal notices"}]},{"@type":"WebSite","@id":"https:\/\/www.semmlogging.com\/#website","url":"https:\/\/www.semmlogging.com\/","name":"Semm logging","description":"Soci\u00e9t\u00e9 de services sp\u00e9cialis\u00e9e dans les diagraphies (mesures g\u00e9ophysiques en forages).","potentialAction":[{"@type":"SearchAction","target":{"@type":"EntryPoint","urlTemplate":"https:\/\/www.semmlogging.com\/?s={search_term_string}"},"query-input":{"@type":"PropertyValueSpecification","valueRequired":true,"valueName":"search_term_string"}}],"inLanguage":"en-US"}]}},"_links":{"self":[{"href":"https:\/\/www.semmlogging.com\/en\/wp-json\/wp\/v2\/pages\/335546","targetHints":{"allow":["GET"]}}],"collection":[{"href":"https:\/\/www.semmlogging.com\/en\/wp-json\/wp\/v2\/pages"}],"about":[{"href":"https:\/\/www.semmlogging.com\/en\/wp-json\/wp\/v2\/types\/page"}],"author":[{"embeddable":true,"href":"https:\/\/www.semmlogging.com\/en\/wp-json\/wp\/v2\/users\/6"}],"replies":[{"embeddable":true,"href":"https:\/\/www.semmlogging.com\/en\/wp-json\/wp\/v2\/comments?post=335546"}],"version-history":[{"count":3,"href":"https:\/\/www.semmlogging.com\/en\/wp-json\/wp\/v2\/pages\/335546\/revisions"}],"predecessor-version":[{"id":336819,"href":"https:\/\/www.semmlogging.com\/en\/wp-json\/wp\/v2\/pages\/335546\/revisions\/336819"}],"wp:attachment":[{"href":"https:\/\/www.semmlogging.com\/en\/wp-json\/wp\/v2\/media?parent=335546"}],"curies":[{"name":"wp","href":"https:\/\/api.w.org\/{rel}","templated":true}]}}